{"id":313,"date":"2016-06-09T09:27:59","date_gmt":"2016-06-09T07:27:59","guid":{"rendered":"https:\/\/www.unitedfx.eu\/?page_id=313"},"modified":"2023-03-03T11:34:54","modified_gmt":"2023-03-03T10:34:54","slug":"machines-effets-speciaux","status":"publish","type":"page","link":"https:\/\/www.unitedfx.eu\/en\/machines-effets-speciaux\/","title":{"rendered":"Machines \u00e0 effet sp\u00e9ciaux"},"content":{"rendered":"<style type=\"text\/css\" data-created_by=\"avia_inline_auto\" id=\"style-css-av-5h4l3d-a717e15891f2d762b3d4681426f45117\">\n.avia-section.av-5h4l3d-a717e15891f2d762b3d4681426f45117{\nbackground-repeat:no-repeat;\nbackground-image:url(https:\/\/www.unitedfx.eu\/wp-content\/uploads\/2016\/06\/FOND_TRIANGLE_noir-fin.jpg);\nbackground-position:50% 50%;\nbackground-attachment:scroll;\n}\n<\/style>\n<div id='av_section_1'  class='avia-section av-5h4l3d-a717e15891f2d762b3d4681426f45117 main_color avia-section-default avia-no-border-styling  avia-builder-el-0  el_before_av_section  avia-builder-el-first  avia-full-stretch avia-bg-style-scroll av-minimum-height av-minimum-height-custom av-height-custom  container_wrap sidebar_right'  data-section-bg-repeat='stretch' data-av_minimum_height_px='300'><div class='container av-section-cont-open' style='height:300px'><main  role=\"main\" itemprop=\"mainContentOfPage\"  class='template-page content  av-content-small alpha units'><div class='post-entry post-entry-type-page post-entry-313'><div class='entry-content-wrapper clearfix'>\n\n<style type=\"text\/css\" data-created_by=\"avia_inline_auto\" id=\"style-css-av-5bju8p-23162424e526416d5878a5ce909229ae\">\n#top .av-special-heading.av-5bju8p-23162424e526416d5878a5ce909229ae{\npadding-bottom:10px;\ncolor:#ffffff;\nfont-size:60px;\n}\nbody .av-special-heading.av-5bju8p-23162424e526416d5878a5ce909229ae .av-special-heading-tag .heading-char{\nfont-size:25px;\n}\n#top #wrap_all .av-special-heading.av-5bju8p-23162424e526416d5878a5ce909229ae .av-special-heading-tag{\nfont-size:60px;\n}\n.av-special-heading.av-5bju8p-23162424e526416d5878a5ce909229ae .special-heading-inner-border{\nborder-color:#ffffff;\n}\n.av-special-heading.av-5bju8p-23162424e526416d5878a5ce909229ae .av-subheading{\nfont-size:15px;\n}\n\n@media only screen and (min-width: 480px) and (max-width: 767px){ \n#top #wrap_all .av-special-heading.av-5bju8p-23162424e526416d5878a5ce909229ae .av-special-heading-tag{\nfont-size:0.8em;\n}\n}\n\n@media only screen and (max-width: 479px){ \n#top #wrap_all .av-special-heading.av-5bju8p-23162424e526416d5878a5ce909229ae .av-special-heading-tag{\nfont-size:0.8em;\n}\n}\n<\/style>\n<div  class='av-special-heading av-5bju8p-23162424e526416d5878a5ce909229ae av-special-heading-h1 custom-color-heading blockquote modern-quote modern-centered  avia-builder-el-1  el_before_av_headline_rotator  avia-builder-el-first  av-inherit-size'><h1 class='av-special-heading-tag'  itemprop=\"headline\"  >Special effects machines<\/h1><div class=\"special-heading-border\"><div class=\"special-heading-inner-border\"><\/div><\/div><\/div>\n\n<style type=\"text\/css\" data-created_by=\"avia_inline_auto\" id=\"style-css-av-1wj29-a8e0f431ec87757501ac2f36082b5b4b\">\n#top .av-rotator-container.av-1wj29-a8e0f431ec87757501ac2f36082b5b4b{\ntext-align:center;\ncolor:#ffffff;\n}\n#top #wrap_all .av-rotator-container.av-1wj29-a8e0f431ec87757501ac2f36082b5b4b .av-rotator-container-inner{\nfont-size:40px;\n}\n<\/style>\n\n<style type=\"text\/css\" data-created_by=\"avia_inline_auto\" id=\"style-css-sub-av-1wj29-a8e0f431ec87757501ac2f36082b5b4b\">\n#top .av-rotator-container .av-rotator-text-single.av-5153i1-0796bce0c778988c08702b33fed0eb4b{\ncolor:#00a1b5;\n}\n#top .av-rotator-container .av-rotator-text-single.av-4w29pl-10cafac83add8b4eedc5bde2b9549bda{\ncolor:#00a1b5;\n}\n<\/style>\n<div  class='av-rotator-container av-rotation-container-center av-1wj29-a8e0f431ec87757501ac2f36082b5b4b  avia-builder-el-2  el_after_av_heading  avia-builder-el-last  av-fixed-rotator-width' data-interval='3' data-animation='1' data-fixwidth='1'><h3 class='av-rotator-container-inner'>Be<span class='av-rotator-text av-rotator-multiline-off'>\n<span class='av-rotator-text-single av-5153i1-0796bce0c778988c08702b33fed0eb4b av-rotator-text-single-1' >Fun<\/span>\n<span class='av-rotator-text-single av-4w29pl-10cafac83add8b4eedc5bde2b9549bda av-rotator-text-single-2' >UnitedFX<\/span>\n<\/span><\/h3><\/div>\n\n<\/div><\/div><\/main><!-- close content main element --><\/div><\/div><div id='av_section_2'  class='avia-section av-2my70x-a2d91cd8a1c62ba82b16eaa7427cb743 main_color avia-section-no-padding avia-no-border-styling  avia-builder-el-3  el_after_av_section  el_before_av_section  avia-bg-style-scroll container_wrap sidebar_right'  ><div class='container av-section-cont-open' ><div class='template-page content  av-content-small alpha units'><div class='post-entry post-entry-type-page post-entry-313'><div class='entry-content-wrapper clearfix'>\n\n<style type=\"text\/css\" data-created_by=\"avia_inline_auto\" id=\"style-css-av-leseesyf-575bd8b3f3e0f9970bf31676720c15c2\">\n#top .hr.hr-invisible.av-leseesyf-575bd8b3f3e0f9970bf31676720c15c2{\nheight:50px;\n}\n<\/style>\n<div  class='hr av-leseesyf-575bd8b3f3e0f9970bf31676720c15c2 hr-invisible  avia-builder-el-4  el_before_av_image  avia-builder-el-first'><span class='hr-inner'><span class=\"hr-inner-style\"><\/span><\/span><\/div>\n\n<style type=\"text\/css\" data-created_by=\"avia_inline_auto\" id=\"style-css-av-lesdl2vi-aa13b9086e51dd6fa56771ae89f4c913\">\n.avia-image-container.av-lesdl2vi-aa13b9086e51dd6fa56771ae89f4c913 img.avia_image{\nbox-shadow:none;\n}\n.avia-image-container.av-lesdl2vi-aa13b9086e51dd6fa56771ae89f4c913 .av-image-caption-overlay-center{\ncolor:#ffffff;\n}\n<\/style>\n<div  class='avia-image-container av-lesdl2vi-aa13b9086e51dd6fa56771ae89f4c913 av-styling- avia-align-center  avia-builder-el-5  el_after_av_hr  el_before_av_hr'   itemprop=\"image\" itemscope=\"itemscope\" itemtype=\"https:\/\/schema.org\/ImageObject\" ><div class=\"avia-image-container-inner\"><div class=\"avia-image-overlay-wrap\"><img decoding=\"async\" fetchpriority=\"high\" class='wp-image-2763 avia-img-lazy-loading-not-2763 avia_image' src=\"https:\/\/www.unitedfx.eu\/wp-content\/uploads\/2023\/03\/separateur-drapeau-fr-300x6.jpg\" alt='' title='s\u00e9parateur-drapeau-fr'  height=\"6\" width=\"300\"  itemprop=\"thumbnailUrl\" srcset=\"https:\/\/www.unitedfx.eu\/wp-content\/uploads\/2023\/03\/separateur-drapeau-fr-300x6.jpg 300w, https:\/\/www.unitedfx.eu\/wp-content\/uploads\/2023\/03\/separateur-drapeau-fr-18x1.jpg 18w, https:\/\/www.unitedfx.eu\/wp-content\/uploads\/2023\/03\/separateur-drapeau-fr.jpg 350w\" sizes=\"(max-width: 300px) 100vw, 300px\" \/><\/div><\/div><\/div>\n\n<style type=\"text\/css\" data-created_by=\"avia_inline_auto\" id=\"style-css-av-lesedeo1-f5cb7b8aef1c70b6d869aad6d2255e19\">\n#top .hr.hr-invisible.av-lesedeo1-f5cb7b8aef1c70b6d869aad6d2255e19{\nmargin-top:-40px;\nheight:1px;\n}\n<\/style>\n<div  class='hr av-lesedeo1-f5cb7b8aef1c70b6d869aad6d2255e19 hr-invisible  avia-builder-el-6  el_after_av_image  el_before_av_codeblock'><span class='hr-inner'><span class=\"hr-inner-style\"><\/span><\/span><\/div>\n\n<\/div><\/div><\/div><!-- close content main div --><\/div><\/div>\n<style type=\"text\/css\" data-created_by=\"avia_inline_auto\" id=\"style-css-av-26nxbd-6357c60f7423d18579d0f9d88379d252\">\n.avia-section.av-26nxbd-6357c60f7423d18579d0f9d88379d252{\nbackground-color:#f7f9fa;\nbackground-image:unset;\n}\n<\/style>\n<div id='av_section_3'  class='avia-section av-26nxbd-6357c60f7423d18579d0f9d88379d252 main_color avia-section-large avia-no-border-styling  avia-builder-el-8  el_after_av_section  avia-builder-el-last  avia-bg-style-scroll container_wrap sidebar_right'  ><div class='container av-section-cont-open' ><div class='template-page content  av-content-small alpha units'><div class='post-entry post-entry-type-page post-entry-313'><div class='entry-content-wrapper clearfix'>\n<div  class='flex_column av-2244pl-5d7c83d50ab6cc604f0196c7bb38c6ff av_one_third  avia-builder-el-9  el_before_av_one_third  avia-builder-el-first  first flex_column_div avia-link-column av-column-link avia-link-column-hover'    data-link-column-url=\"https:\/\/premiumfx.eu\/marque\/united-fx\/\"  data-link-column-target=\"_blank\"   ><a class=\"av-screen-reader-only\" href=\"https:\/\/premiumfx.eu\/en\/brand\/united-fx-en\/\"  target=\"_blank\" >Follow a manual added link<\/a><p>\n<style type=\"text\/css\" data-created_by=\"avia_inline_auto\" id=\"style-css-av-1x57cp-9341a6c0f54ae6c70666aed3b5ef52d4\">\n.av_font_icon.av-1x57cp-9341a6c0f54ae6c70666aed3b5ef52d4 .av-icon-char{\nfont-size:50px;\nline-height:50px;\n}\n<\/style>\n<span  class='av_font_icon av-1x57cp-9341a6c0f54ae6c70666aed3b5ef52d4 avia_animate_when_visible av-icon-style- avia-icon-pos-center avia-iconfont avia-font-entypo-fontello av-no-color avia-icon-animate'><span class='av-icon-char' data-av_icon='\ue859' data-av_iconfont='entypo-fontello' aria-hidden=\"true\" ><\/span><\/span><br \/>\n\n<style type=\"text\/css\" data-created_by=\"avia_inline_auto\" id=\"style-css-av-1qk4mp-3d5fc46bd214a5268e32ae95defcfca9\">\n#top .av-special-heading.av-1qk4mp-3d5fc46bd214a5268e32ae95defcfca9{\npadding-bottom:10px;\nfont-size:24px;\n}\nbody .av-special-heading.av-1qk4mp-3d5fc46bd214a5268e32ae95defcfca9 .av-special-heading-tag .heading-char{\nfont-size:25px;\n}\n#top #wrap_all .av-special-heading.av-1qk4mp-3d5fc46bd214a5268e32ae95defcfca9 .av-special-heading-tag{\nfont-size:24px;\n}\n.av-special-heading.av-1qk4mp-3d5fc46bd214a5268e32ae95defcfca9 .av-subheading{\nfont-size:15px;\n}\n\n@media only screen and (min-width: 480px) and (max-width: 767px){ \n#top #wrap_all .av-special-heading.av-1qk4mp-3d5fc46bd214a5268e32ae95defcfca9 .av-special-heading-tag{\nfont-size:0.8em;\n}\n}\n\n@media only screen and (max-width: 479px){ \n#top #wrap_all .av-special-heading.av-1qk4mp-3d5fc46bd214a5268e32ae95defcfca9 .av-special-heading-tag{\nfont-size:0.8em;\n}\n}\n<\/style>\n<div  class='av-special-heading av-1qk4mp-3d5fc46bd214a5268e32ae95defcfca9 av-special-heading-h3 blockquote modern-quote modern-centered  avia-builder-el-11  el_after_av_font_icon  el_before_av_textblock  av-inherit-size'><h3 class='av-special-heading-tag'  itemprop=\"headline\"  >Where to buy<\/h3><div class=\"special-heading-border\"><div class=\"special-heading-inner-border\"><\/div><\/div><\/div><br \/>\n\n<style type=\"text\/css\" data-created_by=\"avia_inline_auto\" id=\"style-css-av-1lw7vl-b8805766e3450c21bc918e24e7db96ea\">\n#top .av_textblock_section.av-1lw7vl-b8805766e3450c21bc918e24e7db96ea .avia_textblock{\nfont-size:16px;\ntext-align:center;\n}\n<\/style>\n<section  class='av_textblock_section av-1lw7vl-b8805766e3450c21bc918e24e7db96ea'   itemscope=\"itemscope\" itemtype=\"https:\/\/schema.org\/CreativeWork\" ><div class='avia_textblock'  itemprop=\"text\" ><p>Learn More &gt;<\/p>\n<\/div><\/section><\/p><\/div><div  class='flex_column av-1dqa35-d29473b3b8486e811097c0ea0e7a7f56 av_one_third  avia-builder-el-13  el_after_av_one_third  el_before_av_one_third  flex_column_div avia-link-column av-column-link avia-link-column-hover'    data-link-column-url=\"https:\/\/www.unitedfx.eu\/contact\/\"   ><a class=\"av-screen-reader-only\" href=\"https:\/\/www.unitedfx.eu\/en\/contact\/\" >Follow a manual added link<\/a><p>\n<style type=\"text\/css\" data-created_by=\"avia_inline_auto\" id=\"style-css-av-1as20h-572d41102c1b679a370ce1bc48d1fdf1\">\n.av_font_icon.av-1as20h-572d41102c1b679a370ce1bc48d1fdf1 .av-icon-char{\nfont-size:50px;\nline-height:50px;\n}\n<\/style>\n<span  class='av_font_icon av-1as20h-572d41102c1b679a370ce1bc48d1fdf1 avia_animate_when_visible av-icon-style- avia-icon-pos-center avia-iconfont avia-font-entypo-fontello av-no-color avia-icon-animate'><span class='av-icon-char' data-av_icon='\ue854' data-av_iconfont='entypo-fontello' aria-hidden=\"true\" ><\/span><\/span><br \/>\n\n<style type=\"text\/css\" data-created_by=\"avia_inline_auto\" id=\"style-css-av-14zwyh-beb103bd92ffc3ce1c636d6499110136\">\n#top .av-special-heading.av-14zwyh-beb103bd92ffc3ce1c636d6499110136{\npadding-bottom:10px;\nfont-size:24px;\n}\nbody .av-special-heading.av-14zwyh-beb103bd92ffc3ce1c636d6499110136 .av-special-heading-tag .heading-char{\nfont-size:25px;\n}\n#top #wrap_all .av-special-heading.av-14zwyh-beb103bd92ffc3ce1c636d6499110136 .av-special-heading-tag{\nfont-size:24px;\n}\n.av-special-heading.av-14zwyh-beb103bd92ffc3ce1c636d6499110136 .av-subheading{\nfont-size:15px;\n}\n\n@media only screen and (min-width: 480px) and (max-width: 767px){ \n#top #wrap_all .av-special-heading.av-14zwyh-beb103bd92ffc3ce1c636d6499110136 .av-special-heading-tag{\nfont-size:0.8em;\n}\n}\n\n@media only screen and (max-width: 479px){ \n#top #wrap_all .av-special-heading.av-14zwyh-beb103bd92ffc3ce1c636d6499110136 .av-special-heading-tag{\nfont-size:0.8em;\n}\n}\n<\/style>\n<div  class='av-special-heading av-14zwyh-beb103bd92ffc3ce1c636d6499110136 av-special-heading-h3 blockquote modern-quote modern-centered  avia-builder-el-15  el_after_av_font_icon  el_before_av_textblock  av-inherit-size'><h3 class='av-special-heading-tag'  itemprop=\"headline\"  >Contact<\/h3><div class=\"special-heading-border\"><div class=\"special-heading-inner-border\"><\/div><\/div><\/div><br \/>\n\n<style type=\"text\/css\" data-created_by=\"avia_inline_auto\" id=\"style-css-av-yxsc1-651c0ba16d5425e950b45b9c4071847b\">\n#top .av_textblock_section.av-yxsc1-651c0ba16d5425e950b45b9c4071847b .avia_textblock{\nfont-size:16px;\ntext-align:center;\n}\n<\/style>\n<section  class='av_textblock_section av-yxsc1-651c0ba16d5425e950b45b9c4071847b'   itemscope=\"itemscope\" itemtype=\"https:\/\/schema.org\/CreativeWork\" ><div class='avia_textblock'  itemprop=\"text\" ><p>Learn More &gt;<\/p>\n<\/div><\/section><\/p><\/div><div  class='flex_column av-t95tl-642c324c1f1f4e592f098fc2c6ca8c3e av_one_third  avia-builder-el-17  el_after_av_one_third  avia-builder-el-last  flex_column_div avia-link-column av-column-link avia-link-column-hover'    data-link-column-url=\"https:\/\/www.unitedfx.eu\/contact\/telechargement\/\"  data-link-column-target=\"_blank\"   ><a class=\"av-screen-reader-only\" href=\"https:\/\/www.unitedfx.eu\/en\/contact\/telechargement\/\"  target=\"_blank\" >Follow a manual added link<\/a><p>\n<style type=\"text\/css\" data-created_by=\"avia_inline_auto\" id=\"style-css-av-lb9dt-d2b555105f2510467711c9db029e0538\">\n.av_font_icon.av-lb9dt-d2b555105f2510467711c9db029e0538 .av-icon-char{\nfont-size:50px;\nline-height:50px;\n}\n<\/style>\n<span  class='av_font_icon av-lb9dt-d2b555105f2510467711c9db029e0538 avia_animate_when_visible av-icon-style- avia-icon-pos-center avia-iconfont avia-font-entypo-fontello av-no-color avia-icon-animate'><span class='av-icon-char' data-av_icon='\ue82d' data-av_iconfont='entypo-fontello' aria-hidden=\"true\" ><\/span><\/span><br \/>\n\n<style type=\"text\/css\" data-created_by=\"avia_inline_auto\" id=\"style-css-av-hn0kx-cd01fa06f343a7761dda8aaa1ae112f2\">\n#top .av-special-heading.av-hn0kx-cd01fa06f343a7761dda8aaa1ae112f2{\npadding-bottom:10px;\nfont-size:24px;\n}\nbody .av-special-heading.av-hn0kx-cd01fa06f343a7761dda8aaa1ae112f2 .av-special-heading-tag .heading-char{\nfont-size:25px;\n}\n#top #wrap_all .av-special-heading.av-hn0kx-cd01fa06f343a7761dda8aaa1ae112f2 .av-special-heading-tag{\nfont-size:24px;\n}\n.av-special-heading.av-hn0kx-cd01fa06f343a7761dda8aaa1ae112f2 .av-subheading{\nfont-size:15px;\n}\n\n@media only screen and (min-width: 480px) and (max-width: 767px){ \n#top #wrap_all .av-special-heading.av-hn0kx-cd01fa06f343a7761dda8aaa1ae112f2 .av-special-heading-tag{\nfont-size:0.8em;\n}\n}\n\n@media only screen and (max-width: 479px){ \n#top #wrap_all .av-special-heading.av-hn0kx-cd01fa06f343a7761dda8aaa1ae112f2 .av-special-heading-tag{\nfont-size:0.8em;\n}\n}\n<\/style>\n<div  class='av-special-heading av-hn0kx-cd01fa06f343a7761dda8aaa1ae112f2 av-special-heading-h3 blockquote modern-quote modern-centered  avia-builder-el-19  el_after_av_font_icon  el_before_av_textblock  av-inherit-size'><h3 class='av-special-heading-tag'  itemprop=\"headline\"  >Downloads<\/h3><div class=\"special-heading-border\"><div class=\"special-heading-inner-border\"><\/div><\/div><\/div><br \/>\n\n<style type=\"text\/css\" data-created_by=\"avia_inline_auto\" id=\"style-css-av-ajbc1-e636d1f9462180ce4e1e35f3566b47d0\">\n#top .av_textblock_section.av-ajbc1-e636d1f9462180ce4e1e35f3566b47d0 .avia_textblock{\nfont-size:16px;\ntext-align:center;\n}\n<\/style>\n<section  class='av_textblock_section av-ajbc1-e636d1f9462180ce4e1e35f3566b47d0'   itemscope=\"itemscope\" itemtype=\"https:\/\/schema.org\/CreativeWork\" ><div class='avia_textblock'  itemprop=\"text\" ><p>Learn More &gt;<\/p>\n<\/div><\/section><\/p><\/div>\n<\/div><\/div><\/div><!-- close content main div --><\/div><\/div><div id='after_section_3'  class='main_color av_default_container_wrap container_wrap sidebar_right'  ><div class='container av-section-cont-open' ><div class='template-page content  av-content-small alpha units'><div class='post-entry post-entry-type-page post-entry-313'><div class='entry-content-wrapper clearfix'><\/p>","protected":false},"excerpt":{"rendered":"","protected":false},"author":3,"featured_media":0,"parent":0,"menu_order":0,"comment_status":"closed","ping_status":"closed","template":"","meta":{"_vp_format_video_url":"","_vp_image_focal_point":[],"footnotes":""},"class_list":["post-313","page","type-page","status-publish","hentry"],"yoast_head":"<!-- This site is optimized with the Yoast SEO plugin v27.4 - https:\/\/yoast.com\/product\/yoast-seo-wordpress\/ -->\n<title>Machines \u00e0 effet sp\u00e9ciaux - United FX<\/title>\n<meta name=\"description\" content=\"Retrouvez nos gamme United Compact, Cryo et Shoot, des machines \u00e0 effets sp\u00e9ciaux made in France, made in United FX ...\" \/>\n<meta name=\"robots\" content=\"index, follow, max-snippet:-1, max-image-preview:large, max-video-preview:-1\" \/>\n<link rel=\"canonical\" href=\"https:\/\/www.unitedfx.eu\/en\/machines-effets-speciaux\/\" \/>\n<meta property=\"og:locale\" content=\"en_US\" \/>\n<meta property=\"og:type\" content=\"article\" \/>\n<meta property=\"og:title\" content=\"Machines \u00e0 effet sp\u00e9ciaux - United FX\" \/>\n<meta property=\"og:description\" content=\"Retrouvez nos gamme United Compact, Cryo et Shoot, des machines \u00e0 effets sp\u00e9ciaux made in France, made in United FX ...\" \/>\n<meta property=\"og:url\" content=\"https:\/\/www.unitedfx.eu\/en\/machines-effets-speciaux\/\" \/>\n<meta property=\"og:site_name\" content=\"United FX\" \/>\n<meta property=\"article:modified_time\" content=\"2023-03-03T10:34:54+00:00\" \/>\n<meta name=\"twitter:card\" content=\"summary_large_image\" \/>\n<meta name=\"twitter:label1\" content=\"Est. reading time\" \/>\n\t<meta name=\"twitter:data1\" content=\"6 minutes\" \/>\n<script type=\"application\/ld+json\" class=\"yoast-schema-graph\">{\"@context\":\"https:\\\/\\\/schema.org\",\"@graph\":[{\"@type\":\"WebPage\",\"@id\":\"https:\\\/\\\/www.unitedfx.eu\\\/machines-effets-speciaux\\\/\",\"url\":\"https:\\\/\\\/www.unitedfx.eu\\\/machines-effets-speciaux\\\/\",\"name\":\"Machines \u00e0 effet sp\u00e9ciaux - United FX\",\"isPartOf\":{\"@id\":\"https:\\\/\\\/www.unitedfx.eu\\\/#website\"},\"datePublished\":\"2016-06-09T07:27:59+00:00\",\"dateModified\":\"2023-03-03T10:34:54+00:00\",\"description\":\"Retrouvez nos gamme United Compact, Cryo et Shoot, des machines \u00e0 effets sp\u00e9ciaux made in France, made in United FX ...\",\"breadcrumb\":{\"@id\":\"https:\\\/\\\/www.unitedfx.eu\\\/machines-effets-speciaux\\\/#breadcrumb\"},\"inLanguage\":\"en-US\",\"potentialAction\":[{\"@type\":\"ReadAction\",\"target\":[\"https:\\\/\\\/www.unitedfx.eu\\\/machines-effets-speciaux\\\/\"]}]},{\"@type\":\"BreadcrumbList\",\"@id\":\"https:\\\/\\\/www.unitedfx.eu\\\/machines-effets-speciaux\\\/#breadcrumb\",\"itemListElement\":[{\"@type\":\"ListItem\",\"position\":1,\"name\":\"Accueil\",\"item\":\"https:\\\/\\\/www.unitedfx.eu\\\/accueil\\\/\"},{\"@type\":\"ListItem\",\"position\":2,\"name\":\"Machines \u00e0 effet sp\u00e9ciaux\"}]},{\"@type\":\"WebSite\",\"@id\":\"https:\\\/\\\/www.unitedfx.eu\\\/#website\",\"url\":\"https:\\\/\\\/www.unitedfx.eu\\\/\",\"name\":\"United FX\",\"description\":\"Special Effects for Fun\",\"potentialAction\":[{\"@type\":\"SearchAction\",\"target\":{\"@type\":\"EntryPoint\",\"urlTemplate\":\"https:\\\/\\\/www.unitedfx.eu\\\/?s={search_term_string}\"},\"query-input\":{\"@type\":\"PropertyValueSpecification\",\"valueRequired\":true,\"valueName\":\"search_term_string\"}}],\"inLanguage\":\"en-US\"}]}<\/script>\n<!-- \/ Yoast SEO plugin. -->","yoast_head_json":{"title":"Machines \u00e0 effet sp\u00e9ciaux - United FX","description":"Retrouvez nos gamme United Compact, Cryo et Shoot, des machines \u00e0 effets sp\u00e9ciaux made in France, made in United FX ...","robots":{"index":"index","follow":"follow","max-snippet":"max-snippet:-1","max-image-preview":"max-image-preview:large","max-video-preview":"max-video-preview:-1"},"canonical":"https:\/\/www.unitedfx.eu\/en\/machines-effets-speciaux\/","og_locale":"en_US","og_type":"article","og_title":"Machines \u00e0 effet sp\u00e9ciaux - United FX","og_description":"Retrouvez nos gamme United Compact, Cryo et Shoot, des machines \u00e0 effets sp\u00e9ciaux made in France, made in United FX ...","og_url":"https:\/\/www.unitedfx.eu\/en\/machines-effets-speciaux\/","og_site_name":"United FX","article_modified_time":"2023-03-03T10:34:54+00:00","twitter_card":"summary_large_image","twitter_misc":{"Est. reading time":"6 minutes"},"schema":{"@context":"https:\/\/schema.org","@graph":[{"@type":"WebPage","@id":"https:\/\/www.unitedfx.eu\/machines-effets-speciaux\/","url":"https:\/\/www.unitedfx.eu\/machines-effets-speciaux\/","name":"Machines \u00e0 effet sp\u00e9ciaux - United FX","isPartOf":{"@id":"https:\/\/www.unitedfx.eu\/#website"},"datePublished":"2016-06-09T07:27:59+00:00","dateModified":"2023-03-03T10:34:54+00:00","description":"Retrouvez nos gamme United Compact, Cryo et Shoot, des machines \u00e0 effets sp\u00e9ciaux made in France, made in United FX ...","breadcrumb":{"@id":"https:\/\/www.unitedfx.eu\/machines-effets-speciaux\/#breadcrumb"},"inLanguage":"en-US","potentialAction":[{"@type":"ReadAction","target":["https:\/\/www.unitedfx.eu\/machines-effets-speciaux\/"]}]},{"@type":"BreadcrumbList","@id":"https:\/\/www.unitedfx.eu\/machines-effets-speciaux\/#breadcrumb","itemListElement":[{"@type":"ListItem","position":1,"name":"Accueil","item":"https:\/\/www.unitedfx.eu\/accueil\/"},{"@type":"ListItem","position":2,"name":"Machines \u00e0 effet sp\u00e9ciaux"}]},{"@type":"WebSite","@id":"https:\/\/www.unitedfx.eu\/#website","url":"https:\/\/www.unitedfx.eu\/","name":"United FX","description":"Special Effects for Fun","potentialAction":[{"@type":"SearchAction","target":{"@type":"EntryPoint","urlTemplate":"https:\/\/www.unitedfx.eu\/?s={search_term_string}"},"query-input":{"@type":"PropertyValueSpecification","valueRequired":true,"valueName":"search_term_string"}}],"inLanguage":"en-US"}]}},"_links":{"self":[{"href":"https:\/\/www.unitedfx.eu\/en\/wp-json\/wp\/v2\/pages\/313","targetHints":{"allow":["GET"]}}],"collection":[{"href":"https:\/\/www.unitedfx.eu\/en\/wp-json\/wp\/v2\/pages"}],"about":[{"href":"https:\/\/www.unitedfx.eu\/en\/wp-json\/wp\/v2\/types\/page"}],"author":[{"embeddable":true,"href":"https:\/\/www.unitedfx.eu\/en\/wp-json\/wp\/v2\/users\/3"}],"replies":[{"embeddable":true,"href":"https:\/\/www.unitedfx.eu\/en\/wp-json\/wp\/v2\/comments?post=313"}],"version-history":[{"count":67,"href":"https:\/\/www.unitedfx.eu\/en\/wp-json\/wp\/v2\/pages\/313\/revisions"}],"predecessor-version":[{"id":2779,"href":"https:\/\/www.unitedfx.eu\/en\/wp-json\/wp\/v2\/pages\/313\/revisions\/2779"}],"wp:attachment":[{"href":"https:\/\/www.unitedfx.eu\/en\/wp-json\/wp\/v2\/media?parent=313"}],"curies":[{"name":"wp","href":"https:\/\/api.w.org\/{rel}","templated":true}]}}