{"id":278,"date":"2016-06-08T14:40:13","date_gmt":"2016-06-08T12:40:13","guid":{"rendered":"https:\/\/www.unitedfx.eu\/?page_id=278"},"modified":"2023-01-26T08:55:01","modified_gmt":"2023-01-26T07:55:01","slug":"faq","status":"publish","type":"page","link":"https:\/\/www.unitedfx.eu\/en\/contact\/faq\/","title":{"rendered":"FAQ"},"content":{"rendered":"<style type=\"text\/css\" data-created_by=\"avia_inline_auto\" id=\"style-css-av-2e8td2-05ac8c65c65dc04c7ef83b1c1ae4a4ef\">\n.avia-section.av-2e8td2-05ac8c65c65dc04c7ef83b1c1ae4a4ef{\nbackground-repeat:no-repeat;\nbackground-image:url(https:\/\/www.unitedfx.eu\/wp-content\/uploads\/2016\/06\/FOND_TRIANGLE_noir-fin.jpg);\nbackground-position:50% 50%;\nbackground-attachment:scroll;\n}\n<\/style>\n<div id='av_section_1'  class='avia-section av-2e8td2-05ac8c65c65dc04c7ef83b1c1ae4a4ef main_color avia-section-default avia-no-border-styling  avia-builder-el-0  el_before_av_textblock  avia-builder-el-first  avia-full-stretch avia-bg-style-scroll av-minimum-height av-minimum-height-custom av-height-custom  container_wrap sidebar_right'  data-section-bg-repeat='stretch' data-av_minimum_height_px='300'><div class='container av-section-cont-open' style='height:300px'><main  role=\"main\" itemprop=\"mainContentOfPage\"  class='template-page content  av-content-small alpha units'><div class='post-entry post-entry-type-page post-entry-278'><div class='entry-content-wrapper clearfix'>\n\n<style type=\"text\/css\" data-created_by=\"avia_inline_auto\" id=\"style-css-av-2ayqla-3ef2ce058fde7dfa40ee7e1e41063cd2\">\n#top .av-special-heading.av-2ayqla-3ef2ce058fde7dfa40ee7e1e41063cd2{\npadding-bottom:10px;\ncolor:#ffffff;\nfont-size:60px;\n}\nbody .av-special-heading.av-2ayqla-3ef2ce058fde7dfa40ee7e1e41063cd2 .av-special-heading-tag .heading-char{\nfont-size:25px;\n}\n#top #wrap_all .av-special-heading.av-2ayqla-3ef2ce058fde7dfa40ee7e1e41063cd2 .av-special-heading-tag{\nfont-size:60px;\n}\n.av-special-heading.av-2ayqla-3ef2ce058fde7dfa40ee7e1e41063cd2 .special-heading-inner-border{\nborder-color:#ffffff;\n}\n.av-special-heading.av-2ayqla-3ef2ce058fde7dfa40ee7e1e41063cd2 .av-subheading{\nfont-size:15px;\n}\n\n@media only screen and (min-width: 480px) and (max-width: 767px){ \n#top #wrap_all .av-special-heading.av-2ayqla-3ef2ce058fde7dfa40ee7e1e41063cd2 .av-special-heading-tag{\nfont-size:0.8em;\n}\n}\n\n@media only screen and (max-width: 479px){ \n#top #wrap_all .av-special-heading.av-2ayqla-3ef2ce058fde7dfa40ee7e1e41063cd2 .av-special-heading-tag{\nfont-size:0.8em;\n}\n}\n<\/style>\n<div  class='av-special-heading av-2ayqla-3ef2ce058fde7dfa40ee7e1e41063cd2 av-special-heading-h1 custom-color-heading blockquote modern-quote modern-centered  avia-builder-el-1  avia-builder-el-no-sibling  av-inherit-size'><h1 class='av-special-heading-tag'  itemprop=\"headline\"  >FAQ<\/h1><div class=\"special-heading-border\"><div class=\"special-heading-inner-border\"><\/div><\/div><\/div>\n<\/div><\/div><\/main><!-- close content main element --><\/div><\/div><div id='after_section_1'  class='main_color av_default_container_wrap container_wrap sidebar_right'  ><div class='container av-section-cont-open' ><div class='template-page content  av-content-small alpha units'><div class='post-entry post-entry-type-page post-entry-278'><div class='entry-content-wrapper clearfix'>\n<style type=\"text\/css\" data-created_by=\"avia_inline_auto\" id=\"style-css-av-24sqb2-e0f83c3c6b396b3a135486f200001697\">\n#top .av_textblock_section.av-24sqb2-e0f83c3c6b396b3a135486f200001697 .avia_textblock{\nfont-size:16px;\n}\n<\/style>\n<section  class='av_textblock_section av-24sqb2-e0f83c3c6b396b3a135486f200001697'   itemscope=\"itemscope\" itemtype=\"https:\/\/schema.org\/CreativeWork\" ><div class='avia_textblock'  itemprop=\"text\" ><p class=\"p1\"><strong><span class=\"s1\">Where are United FX machines made?<\/span><\/strong><\/p>\n<p class=\"p1\">All our machines are developed, designed and manufactured in our production plant in Montcenis, Burgundy, France.<\/p>\n<\/div><\/section><\/p>\n\n<style type=\"text\/css\" data-created_by=\"avia_inline_auto\" id=\"style-css-av-1z08wm-a657ff5e8103a14464bc576e4a35d21f\">\n#top .hr.hr-invisible.av-1z08wm-a657ff5e8103a14464bc576e4a35d21f{\nheight:20px;\n}\n<\/style>\n<div  class='hr av-1z08wm-a657ff5e8103a14464bc576e4a35d21f hr-invisible  avia-builder-el-3  el_after_av_textblock  el_before_av_textblock'><span class='hr-inner'><span class=\"hr-inner-style\"><\/span><\/span><\/div>\n\n<style type=\"text\/css\" data-created_by=\"avia_inline_auto\" id=\"style-css-av-1q4bxi-d91683b60376c3a3caf7d23f3c289690\">\n#top .av_textblock_section.av-1q4bxi-d91683b60376c3a3caf7d23f3c289690 .avia_textblock{\nfont-size:16px;\n}\n<\/style>\n<section  class='av_textblock_section av-1q4bxi-d91683b60376c3a3caf7d23f3c289690'   itemscope=\"itemscope\" itemtype=\"https:\/\/schema.org\/CreativeWork\" ><div class='avia_textblock'  itemprop=\"text\" ><p class=\"p1\"><strong><span class=\"s1\">Are all your machines delivered ready to use?<\/span><\/strong><\/p>\n<p class=\"p1\">Our machines are delivered ready to use, you just have to plug them in, put the necessary consumables and turn them on.<\/p>\n<\/div><\/section>\n\n<style type=\"text\/css\" data-created_by=\"avia_inline_auto\" id=\"style-css-av-1lndy6-39602da185e56b5de30d01caf635396c\">\n#top .hr.hr-invisible.av-1lndy6-39602da185e56b5de30d01caf635396c{\nheight:20px;\n}\n<\/style>\n<div  class='hr av-1lndy6-39602da185e56b5de30d01caf635396c hr-invisible  avia-builder-el-5  el_after_av_textblock  el_before_av_textblock'><span class='hr-inner'><span class=\"hr-inner-style\"><\/span><\/span><\/div>\n\n<style type=\"text\/css\" data-created_by=\"avia_inline_auto\" id=\"style-css-av-1ch4ae-58710d18a24242dda6358928219513f3\">\n#top .av_textblock_section.av-1ch4ae-58710d18a24242dda6358928219513f3 .avia_textblock{\nfont-size:16px;\n}\n<\/style>\n<section  class='av_textblock_section av-1ch4ae-58710d18a24242dda6358928219513f3'   itemscope=\"itemscope\" itemtype=\"https:\/\/schema.org\/CreativeWork\" ><div class='avia_textblock'  itemprop=\"text\" ><p class=\"p1\"><strong><span class=\"s1\">Is it possible to use UFX machines outdoors?<\/span><\/strong><\/p>\n<p class=\"p1\">They can be used both indoors and outdoors, except of course in case of rain or snow.<\/p>\n<\/div><\/section>\n\n<style type=\"text\/css\" data-created_by=\"avia_inline_auto\" id=\"style-css-av-1atpee-d7b134546553c991085311d82e462e4e\">\n#top .hr.hr-invisible.av-1atpee-d7b134546553c991085311d82e462e4e{\nheight:20px;\n}\n<\/style>\n<div  class='hr av-1atpee-d7b134546553c991085311d82e462e4e hr-invisible  avia-builder-el-7  el_after_av_textblock  el_before_av_textblock'><span class='hr-inner'><span class=\"hr-inner-style\"><\/span><\/span><\/div>\n\n<style type=\"text\/css\" data-created_by=\"avia_inline_auto\" id=\"style-css-av-114d0e-3632ca240193366894b97e9a58a7505c\">\n#top .av_textblock_section.av-114d0e-3632ca240193366894b97e9a58a7505c .avia_textblock{\nfont-size:16px;\n}\n<\/style>\n<section  class='av_textblock_section av-114d0e-3632ca240193366894b97e9a58a7505c'   itemscope=\"itemscope\" itemtype=\"https:\/\/schema.org\/CreativeWork\" ><div class='avia_textblock'  itemprop=\"text\" ><p class=\"p1\"><strong><span class=\"s1\">What are the risks of using a United Cryo Gun?<\/span><\/strong><\/p>\n<p class=\"p1\">If you follow the normal conditions of use and the prescribed safety instructions, there is no major risk in using the entire United Cryo collection. In addition, the double insulation of the United Cryo Colt and Gun prevents any risk of burning during use.<\/p>\n<\/div><\/section>\n\n<style type=\"text\/css\" data-created_by=\"avia_inline_auto\" id=\"style-css-av-z9q3a-a369f1e5e63af112c28a6310813b7bb8\">\n#top .hr.hr-invisible.av-z9q3a-a369f1e5e63af112c28a6310813b7bb8{\nheight:20px;\n}\n<\/style>\n<div  class='hr av-z9q3a-a369f1e5e63af112c28a6310813b7bb8 hr-invisible  avia-builder-el-9  el_after_av_textblock  el_before_av_textblock'><span class='hr-inner'><span class=\"hr-inner-style\"><\/span><\/span><\/div>\n\n<style type=\"text\/css\" data-created_by=\"avia_inline_auto\" id=\"style-css-av-tkfnq-cd75a744d1ba300423cf1d2c1213d0a4\">\n#top .av_textblock_section.av-tkfnq-cd75a744d1ba300423cf1d2c1213d0a4 .avia_textblock{\nfont-size:16px;\n}\n<\/style>\n<section  class='av_textblock_section av-tkfnq-cd75a744d1ba300423cf1d2c1213d0a4'   itemscope=\"itemscope\" itemtype=\"https:\/\/schema.org\/CreativeWork\" ><div class='avia_textblock'  itemprop=\"text\" ><p class=\"p1\"><strong><span class=\"s1\">What types of consumables should I use for United FX machines?<\/span><\/strong><\/p>\n<p class=\"p1\">In order to guarantee a better longevity and efficiency of your United FX machines, we recommend the use of consumables from our brands <a href=\"https:\/\/premiumfx.eu\/marque\/premium-fluids\/\">Premium Fluids<\/a> and <a href=\"https:\/\/premiumfx.eu\/marque\/premium-confetti\/\">Premium Confetti<\/a>.<\/p>\n<\/div><\/section>\n<\/div><\/div><\/div><!-- close content main div --><\/div><\/div>\n<style type=\"text\/css\" data-created_by=\"avia_inline_auto\" id=\"style-css-av-26l4za-ec8737a8a461a5f6e576af9428554db2\">\n.avia-section.av-26l4za-ec8737a8a461a5f6e576af9428554db2{\nbackground-color:#f7f9fa;\nbackground-image:unset;\n}\n<\/style>\n<div id='av_section_2'  class='avia-section av-26l4za-ec8737a8a461a5f6e576af9428554db2 main_color avia-section-large avia-no-border-styling  avia-builder-el-11  el_after_av_textblock  avia-builder-el-last  avia-bg-style-scroll container_wrap sidebar_right'  ><div class='container av-section-cont-open' ><div class='template-page content  av-content-small alpha units'><div class='post-entry post-entry-type-page post-entry-278'><div class='entry-content-wrapper clearfix'>\n<div  class='flex_column av-20lh3a-b74ee50c024bab655d76f2b63dce12c1 av_one_third  avia-builder-el-12  el_before_av_one_third  avia-builder-el-first  first flex_column_div avia-link-column av-column-link avia-link-column-hover'    data-link-column-url=\"https:\/\/premiumfx.eu\/marque\/united-fx\/\"  data-link-column-target=\"_blank\"   ><a class=\"av-screen-reader-only\" href=\"https:\/\/premiumfx.eu\/en\/brand\/united-fx-en\/\"  target=\"_blank\" >Follow a manual added link<\/a><p>\n<style type=\"text\/css\" data-created_by=\"avia_inline_auto\" id=\"style-css-av-1xo4ni-86754e5611f306152a7895e8550a0c8b\">\n.av_font_icon.av-1xo4ni-86754e5611f306152a7895e8550a0c8b .av-icon-char{\nfont-size:50px;\nline-height:50px;\n}\n<\/style>\n<span  class='av_font_icon av-1xo4ni-86754e5611f306152a7895e8550a0c8b avia_animate_when_visible av-icon-style- avia-icon-pos-center avia-iconfont avia-font-entypo-fontello av-no-color avia-icon-animate'><span class='av-icon-char' data-av_icon='\ue859' data-av_iconfont='entypo-fontello' aria-hidden=\"true\" ><\/span><\/span><br \/>\n\n<style type=\"text\/css\" data-created_by=\"avia_inline_auto\" id=\"style-css-av-1owjji-ffa6ad2735349526ecc01eac2175057a\">\n#top .av-special-heading.av-1owjji-ffa6ad2735349526ecc01eac2175057a{\npadding-bottom:10px;\nfont-size:24px;\n}\nbody .av-special-heading.av-1owjji-ffa6ad2735349526ecc01eac2175057a .av-special-heading-tag .heading-char{\nfont-size:25px;\n}\n#top #wrap_all .av-special-heading.av-1owjji-ffa6ad2735349526ecc01eac2175057a .av-special-heading-tag{\nfont-size:24px;\n}\n.av-special-heading.av-1owjji-ffa6ad2735349526ecc01eac2175057a .av-subheading{\nfont-size:15px;\n}\n\n@media only screen and (min-width: 480px) and (max-width: 767px){ \n#top #wrap_all .av-special-heading.av-1owjji-ffa6ad2735349526ecc01eac2175057a .av-special-heading-tag{\nfont-size:0.8em;\n}\n}\n\n@media only screen and (max-width: 479px){ \n#top #wrap_all .av-special-heading.av-1owjji-ffa6ad2735349526ecc01eac2175057a .av-special-heading-tag{\nfont-size:0.8em;\n}\n}\n<\/style>\n<div  class='av-special-heading av-1owjji-ffa6ad2735349526ecc01eac2175057a av-special-heading-h3 blockquote modern-quote modern-centered  avia-builder-el-14  el_after_av_font_icon  el_before_av_textblock  av-inherit-size'><h3 class='av-special-heading-tag'  itemprop=\"headline\"  >Where to buy<\/h3><div class=\"special-heading-border\"><div class=\"special-heading-inner-border\"><\/div><\/div><\/div><br \/>\n\n<style type=\"text\/css\" data-created_by=\"avia_inline_auto\" id=\"style-css-av-1n2qpq-cced9a7baa9695f0f4310a171299d546\">\n#top .av_textblock_section.av-1n2qpq-cced9a7baa9695f0f4310a171299d546 .avia_textblock{\nfont-size:16px;\ntext-align:center;\n}\n<\/style>\n<section  class='av_textblock_section av-1n2qpq-cced9a7baa9695f0f4310a171299d546'   itemscope=\"itemscope\" itemtype=\"https:\/\/schema.org\/CreativeWork\" ><div class='avia_textblock'  itemprop=\"text\" ><p>Learn More &gt;<\/p>\n<\/div><\/section><\/p><\/div><div  class='flex_column av-1h46y6-7b0daaf32a8fec2b7e9d7a808edde819 av_one_third  avia-builder-el-16  el_after_av_one_third  el_before_av_one_third  flex_column_div avia-link-column av-column-link avia-link-column-hover'    data-link-column-url=\"https:\/\/www.unitedfx.eu\/contact\/\"   ><a class=\"av-screen-reader-only\" href=\"https:\/\/www.unitedfx.eu\/en\/contact\/\" >Follow a manual added link<\/a><p>\n<style type=\"text\/css\" data-created_by=\"avia_inline_auto\" id=\"style-css-av-1ar06e-aa0993ed267c85c00831bab13db27d11\">\n.av_font_icon.av-1ar06e-aa0993ed267c85c00831bab13db27d11 .av-icon-char{\nfont-size:50px;\nline-height:50px;\n}\n<\/style>\n<span  class='av_font_icon av-1ar06e-aa0993ed267c85c00831bab13db27d11 avia_animate_when_visible av-icon-style- avia-icon-pos-center avia-iconfont avia-font-entypo-fontello av-no-color avia-icon-animate'><span class='av-icon-char' data-av_icon='\ue854' data-av_iconfont='entypo-fontello' aria-hidden=\"true\" ><\/span><\/span><br \/>\n\n<style type=\"text\/css\" data-created_by=\"avia_inline_auto\" id=\"style-css-av-13yyom-ce1467ad43d2855163d6f8f6a73d3fd2\">\n#top .av-special-heading.av-13yyom-ce1467ad43d2855163d6f8f6a73d3fd2{\npadding-bottom:10px;\nfont-size:24px;\n}\nbody .av-special-heading.av-13yyom-ce1467ad43d2855163d6f8f6a73d3fd2 .av-special-heading-tag .heading-char{\nfont-size:25px;\n}\n#top #wrap_all .av-special-heading.av-13yyom-ce1467ad43d2855163d6f8f6a73d3fd2 .av-special-heading-tag{\nfont-size:24px;\n}\n.av-special-heading.av-13yyom-ce1467ad43d2855163d6f8f6a73d3fd2 .av-subheading{\nfont-size:15px;\n}\n\n@media only screen and (min-width: 480px) and (max-width: 767px){ \n#top #wrap_all .av-special-heading.av-13yyom-ce1467ad43d2855163d6f8f6a73d3fd2 .av-special-heading-tag{\nfont-size:0.8em;\n}\n}\n\n@media only screen and (max-width: 479px){ \n#top #wrap_all .av-special-heading.av-13yyom-ce1467ad43d2855163d6f8f6a73d3fd2 .av-special-heading-tag{\nfont-size:0.8em;\n}\n}\n<\/style>\n<div  class='av-special-heading av-13yyom-ce1467ad43d2855163d6f8f6a73d3fd2 av-special-heading-h3 blockquote modern-quote modern-centered  avia-builder-el-18  el_after_av_font_icon  el_before_av_textblock  av-inherit-size'><h3 class='av-special-heading-tag'  itemprop=\"headline\"  >Contact<\/h3><div class=\"special-heading-border\"><div class=\"special-heading-inner-border\"><\/div><\/div><\/div><br \/>\n\n<style type=\"text\/css\" data-created_by=\"avia_inline_auto\" id=\"style-css-av-x9ep2-bbf143084c48bf11371d3fb4644ba658\">\n#top .av_textblock_section.av-x9ep2-bbf143084c48bf11371d3fb4644ba658 .avia_textblock{\nfont-size:16px;\ntext-align:center;\n}\n<\/style>\n<section  class='av_textblock_section av-x9ep2-bbf143084c48bf11371d3fb4644ba658'   itemscope=\"itemscope\" itemtype=\"https:\/\/schema.org\/CreativeWork\" ><div class='avia_textblock'  itemprop=\"text\" ><p>Learn More &gt;<\/p>\n<\/div><\/section><\/p><\/div><div  class='flex_column av-stpgu-fc2db425b41153d223ef2ef634d0301e av_one_third  avia-builder-el-20  el_after_av_one_third  avia-builder-el-last  flex_column_div avia-link-column av-column-link avia-link-column-hover'    data-link-column-url=\"https:\/\/www.unitedfx.eu\/contact\/telechargement\/\"  data-link-column-target=\"_blank\"   ><a class=\"av-screen-reader-only\" href=\"https:\/\/www.unitedfx.eu\/en\/contact\/telechargement\/\"  target=\"_blank\" >Follow a manual added link<\/a><p>\n<style type=\"text\/css\" data-created_by=\"avia_inline_auto\" id=\"style-css-av-n61oe-f763ec740bceea8cd8529c227b30147a\">\n.av_font_icon.av-n61oe-f763ec740bceea8cd8529c227b30147a .av-icon-char{\nfont-size:50px;\nline-height:50px;\n}\n<\/style>\n<span  class='av_font_icon av-n61oe-f763ec740bceea8cd8529c227b30147a avia_animate_when_visible av-icon-style- avia-icon-pos-center avia-iconfont avia-font-entypo-fontello av-no-color avia-icon-animate'><span class='av-icon-char' data-av_icon='\ue82d' data-av_iconfont='entypo-fontello' aria-hidden=\"true\" ><\/span><\/span><br \/>\n\n<style type=\"text\/css\" data-created_by=\"avia_inline_auto\" id=\"style-css-av-hlhrq-5712ec11d1c45e750ea931a07156f37b\">\n#top .av-special-heading.av-hlhrq-5712ec11d1c45e750ea931a07156f37b{\npadding-bottom:10px;\nfont-size:24px;\n}\nbody .av-special-heading.av-hlhrq-5712ec11d1c45e750ea931a07156f37b .av-special-heading-tag .heading-char{\nfont-size:25px;\n}\n#top #wrap_all .av-special-heading.av-hlhrq-5712ec11d1c45e750ea931a07156f37b .av-special-heading-tag{\nfont-size:24px;\n}\n.av-special-heading.av-hlhrq-5712ec11d1c45e750ea931a07156f37b .av-subheading{\nfont-size:15px;\n}\n\n@media only screen and (min-width: 480px) and (max-width: 767px){ \n#top #wrap_all .av-special-heading.av-hlhrq-5712ec11d1c45e750ea931a07156f37b .av-special-heading-tag{\nfont-size:0.8em;\n}\n}\n\n@media only screen and (max-width: 479px){ \n#top #wrap_all .av-special-heading.av-hlhrq-5712ec11d1c45e750ea931a07156f37b .av-special-heading-tag{\nfont-size:0.8em;\n}\n}\n<\/style>\n<div  class='av-special-heading av-hlhrq-5712ec11d1c45e750ea931a07156f37b av-special-heading-h3 blockquote modern-quote modern-centered  avia-builder-el-22  el_after_av_font_icon  el_before_av_textblock  av-inherit-size'><h3 class='av-special-heading-tag'  itemprop=\"headline\"  >Downloads<\/h3><div class=\"special-heading-border\"><div class=\"special-heading-inner-border\"><\/div><\/div><\/div><br \/>\n\n<style type=\"text\/css\" data-created_by=\"avia_inline_auto\" id=\"style-css-av-6jteu-e5e0f820692a02cd57fd16e7a6984151\">\n#top .av_textblock_section.av-6jteu-e5e0f820692a02cd57fd16e7a6984151 .avia_textblock{\nfont-size:16px;\ntext-align:center;\n}\n<\/style>\n<section  class='av_textblock_section av-6jteu-e5e0f820692a02cd57fd16e7a6984151'   itemscope=\"itemscope\" itemtype=\"https:\/\/schema.org\/CreativeWork\" ><div class='avia_textblock'  itemprop=\"text\" ><p>Learn More &gt;<\/p>\n<\/div><\/section><\/p><\/div>\n<\/div><\/div><\/div><!-- close content main div --><\/div><\/div><div id='after_section_2'  class='main_color av_default_container_wrap container_wrap sidebar_right'  ><div class='container av-section-cont-open' ><div class='template-page content  av-content-small alpha units'><div class='post-entry post-entry-type-page post-entry-278'><div class='entry-content-wrapper clearfix'>","protected":false},"excerpt":{"rendered":"","protected":false},"author":3,"featured_media":0,"parent":179,"menu_order":0,"comment_status":"closed","ping_status":"closed","template":"","meta":{"_vp_format_video_url":"","_vp_image_focal_point":[],"footnotes":""},"class_list":["post-278","page","type-page","status-publish","hentry"],"yoast_head":"<!-- This site is optimized with the Yoast SEO plugin v27.6 - https:\/\/yoast.com\/product\/yoast-seo-wordpress\/ -->\n<title>FAQ - United FX<\/title>\n<meta name=\"description\" content=\"O\u00f9 sont fabriqu\u00e9es les machines United FX\u00a0? Toutes nos machines sont d\u00e9velopp\u00e9es, con\u00e7ues et fabriqu\u00e9es dans notre usine de production, \u00e0 ....\" \/>\n<meta name=\"robots\" content=\"index, follow, max-snippet:-1, max-image-preview:large, max-video-preview:-1\" \/>\n<link rel=\"canonical\" href=\"https:\/\/www.unitedfx.eu\/en\/contact\/faq\/\" \/>\n<meta property=\"og:locale\" content=\"en_US\" \/>\n<meta property=\"og:type\" content=\"article\" \/>\n<meta property=\"og:title\" content=\"FAQ - United FX\" \/>\n<meta property=\"og:description\" content=\"O\u00f9 sont fabriqu\u00e9es les machines United FX\u00a0? Toutes nos machines sont d\u00e9velopp\u00e9es, con\u00e7ues et fabriqu\u00e9es dans notre usine de production, \u00e0 ....\" \/>\n<meta property=\"og:url\" content=\"https:\/\/www.unitedfx.eu\/en\/contact\/faq\/\" \/>\n<meta property=\"og:site_name\" content=\"United FX\" \/>\n<meta property=\"article:modified_time\" content=\"2023-01-26T07:55:01+00:00\" \/>\n<meta name=\"twitter:card\" content=\"summary_large_image\" \/>\n<meta name=\"twitter:label1\" content=\"Est. reading time\" \/>\n\t<meta name=\"twitter:data1\" content=\"6 minutes\" \/>\n<script type=\"application\/ld+json\" class=\"yoast-schema-graph\">{\"@context\":\"https:\\\/\\\/schema.org\",\"@graph\":[{\"@type\":\"WebPage\",\"@id\":\"https:\\\/\\\/www.unitedfx.eu\\\/contact\\\/faq\\\/\",\"url\":\"https:\\\/\\\/www.unitedfx.eu\\\/contact\\\/faq\\\/\",\"name\":\"FAQ - United FX\",\"isPartOf\":{\"@id\":\"https:\\\/\\\/www.unitedfx.eu\\\/#website\"},\"datePublished\":\"2016-06-08T12:40:13+00:00\",\"dateModified\":\"2023-01-26T07:55:01+00:00\",\"description\":\"O\u00f9 sont fabriqu\u00e9es les machines United FX\u00a0? Toutes nos machines sont d\u00e9velopp\u00e9es, con\u00e7ues et fabriqu\u00e9es dans notre usine de production, \u00e0 ....\",\"breadcrumb\":{\"@id\":\"https:\\\/\\\/www.unitedfx.eu\\\/contact\\\/faq\\\/#breadcrumb\"},\"inLanguage\":\"en-US\",\"potentialAction\":[{\"@type\":\"ReadAction\",\"target\":[\"https:\\\/\\\/www.unitedfx.eu\\\/contact\\\/faq\\\/\"]}]},{\"@type\":\"BreadcrumbList\",\"@id\":\"https:\\\/\\\/www.unitedfx.eu\\\/contact\\\/faq\\\/#breadcrumb\",\"itemListElement\":[{\"@type\":\"ListItem\",\"position\":1,\"name\":\"Accueil\",\"item\":\"https:\\\/\\\/www.unitedfx.eu\\\/accueil\\\/\"},{\"@type\":\"ListItem\",\"position\":2,\"name\":\"Contact\",\"item\":\"https:\\\/\\\/www.unitedfx.eu\\\/contact\\\/\"},{\"@type\":\"ListItem\",\"position\":3,\"name\":\"FAQ\"}]},{\"@type\":\"WebSite\",\"@id\":\"https:\\\/\\\/www.unitedfx.eu\\\/#website\",\"url\":\"https:\\\/\\\/www.unitedfx.eu\\\/\",\"name\":\"United FX\",\"description\":\"Special Effects for Fun\",\"potentialAction\":[{\"@type\":\"SearchAction\",\"target\":{\"@type\":\"EntryPoint\",\"urlTemplate\":\"https:\\\/\\\/www.unitedfx.eu\\\/?s={search_term_string}\"},\"query-input\":{\"@type\":\"PropertyValueSpecification\",\"valueRequired\":true,\"valueName\":\"search_term_string\"}}],\"inLanguage\":\"en-US\"}]}<\/script>\n<!-- \/ Yoast SEO plugin. -->","yoast_head_json":{"title":"FAQ - United FX","description":"O\u00f9 sont fabriqu\u00e9es les machines United FX\u00a0? Toutes nos machines sont d\u00e9velopp\u00e9es, con\u00e7ues et fabriqu\u00e9es dans notre usine de production, \u00e0 ....","robots":{"index":"index","follow":"follow","max-snippet":"max-snippet:-1","max-image-preview":"max-image-preview:large","max-video-preview":"max-video-preview:-1"},"canonical":"https:\/\/www.unitedfx.eu\/en\/contact\/faq\/","og_locale":"en_US","og_type":"article","og_title":"FAQ - United FX","og_description":"O\u00f9 sont fabriqu\u00e9es les machines United FX\u00a0? Toutes nos machines sont d\u00e9velopp\u00e9es, con\u00e7ues et fabriqu\u00e9es dans notre usine de production, \u00e0 ....","og_url":"https:\/\/www.unitedfx.eu\/en\/contact\/faq\/","og_site_name":"United FX","article_modified_time":"2023-01-26T07:55:01+00:00","twitter_card":"summary_large_image","twitter_misc":{"Est. reading time":"6 minutes"},"schema":{"@context":"https:\/\/schema.org","@graph":[{"@type":"WebPage","@id":"https:\/\/www.unitedfx.eu\/contact\/faq\/","url":"https:\/\/www.unitedfx.eu\/contact\/faq\/","name":"FAQ - United FX","isPartOf":{"@id":"https:\/\/www.unitedfx.eu\/#website"},"datePublished":"2016-06-08T12:40:13+00:00","dateModified":"2023-01-26T07:55:01+00:00","description":"O\u00f9 sont fabriqu\u00e9es les machines United FX\u00a0? Toutes nos machines sont d\u00e9velopp\u00e9es, con\u00e7ues et fabriqu\u00e9es dans notre usine de production, \u00e0 ....","breadcrumb":{"@id":"https:\/\/www.unitedfx.eu\/contact\/faq\/#breadcrumb"},"inLanguage":"en-US","potentialAction":[{"@type":"ReadAction","target":["https:\/\/www.unitedfx.eu\/contact\/faq\/"]}]},{"@type":"BreadcrumbList","@id":"https:\/\/www.unitedfx.eu\/contact\/faq\/#breadcrumb","itemListElement":[{"@type":"ListItem","position":1,"name":"Accueil","item":"https:\/\/www.unitedfx.eu\/accueil\/"},{"@type":"ListItem","position":2,"name":"Contact","item":"https:\/\/www.unitedfx.eu\/contact\/"},{"@type":"ListItem","position":3,"name":"FAQ"}]},{"@type":"WebSite","@id":"https:\/\/www.unitedfx.eu\/#website","url":"https:\/\/www.unitedfx.eu\/","name":"United FX","description":"Special Effects for Fun","potentialAction":[{"@type":"SearchAction","target":{"@type":"EntryPoint","urlTemplate":"https:\/\/www.unitedfx.eu\/?s={search_term_string}"},"query-input":{"@type":"PropertyValueSpecification","valueRequired":true,"valueName":"search_term_string"}}],"inLanguage":"en-US"}]}},"_links":{"self":[{"href":"https:\/\/www.unitedfx.eu\/en\/wp-json\/wp\/v2\/pages\/278","targetHints":{"allow":["GET"]}}],"collection":[{"href":"https:\/\/www.unitedfx.eu\/en\/wp-json\/wp\/v2\/pages"}],"about":[{"href":"https:\/\/www.unitedfx.eu\/en\/wp-json\/wp\/v2\/types\/page"}],"author":[{"embeddable":true,"href":"https:\/\/www.unitedfx.eu\/en\/wp-json\/wp\/v2\/users\/3"}],"replies":[{"embeddable":true,"href":"https:\/\/www.unitedfx.eu\/en\/wp-json\/wp\/v2\/comments?post=278"}],"version-history":[{"count":5,"href":"https:\/\/www.unitedfx.eu\/en\/wp-json\/wp\/v2\/pages\/278\/revisions"}],"predecessor-version":[{"id":2557,"href":"https:\/\/www.unitedfx.eu\/en\/wp-json\/wp\/v2\/pages\/278\/revisions\/2557"}],"up":[{"embeddable":true,"href":"https:\/\/www.unitedfx.eu\/en\/wp-json\/wp\/v2\/pages\/179"}],"wp:attachment":[{"href":"https:\/\/www.unitedfx.eu\/en\/wp-json\/wp\/v2\/media?parent=278"}],"curies":[{"name":"wp","href":"https:\/\/api.w.org\/{rel}","templated":true}]}}