{"id":1100,"date":"2017-02-06T15:35:23","date_gmt":"2017-02-06T14:35:23","guid":{"rendered":"https:\/\/www.unitedfx.eu\/?page_id=1100\/"},"modified":"2023-01-25T10:58:26","modified_gmt":"2023-01-25T09:58:26","slug":"mentions-legales","status":"publish","type":"page","link":"https:\/\/www.unitedfx.eu\/en\/mentions-legales\/","title":{"rendered":"Legal information"},"content":{"rendered":"<div id='av_section_1'  class='avia-section av-5w3wto-c176a398b3d2b9dda2ebe91500c2a111 main_color avia-section-default avia-no-shadow  avia-builder-el-0  avia-builder-el-no-sibling  avia-bg-style-scroll container_wrap sidebar_right'  ><div class='container av-section-cont-open' ><main  role=\"main\" itemprop=\"mainContentOfPage\"  class='template-page content  av-content-small alpha units'><div class='post-entry post-entry-type-page post-entry-1100'><div class='entry-content-wrapper clearfix'>\n\n<style type=\"text\/css\" data-created_by=\"avia_inline_auto\" id=\"style-css-av-156bw-9fd3ed9b7405b2f5b358c5ca8353d0c6\">\n#top .av-special-heading.av-156bw-9fd3ed9b7405b2f5b358c5ca8353d0c6{\npadding-bottom:10px;\n}\nbody .av-special-heading.av-156bw-9fd3ed9b7405b2f5b358c5ca8353d0c6 .av-special-heading-tag .heading-char{\nfont-size:25px;\n}\n.av-special-heading.av-156bw-9fd3ed9b7405b2f5b358c5ca8353d0c6 .av-subheading{\nfont-size:15px;\n}\n<\/style>\n<div  class='av-special-heading av-156bw-9fd3ed9b7405b2f5b358c5ca8353d0c6 av-special-heading-h3  avia-builder-el-1  el_before_av_textblock  avia-builder-el-first'><h3 class='av-special-heading-tag'  itemprop=\"headline\"  >Legal information<\/h3><div class=\"special-heading-border\"><div class=\"special-heading-inner-border\"><\/div><\/div><\/div>\n<section  class='av_textblock_section av-21rezg-a7f419ed52aa1fe3099a0ab8ef36be6a'   itemscope=\"itemscope\" itemtype=\"https:\/\/schema.org\/CreativeWork\" ><div class='avia_textblock'  itemprop=\"text\" ><p><strong>unitedfx.eu is published by :<\/strong><\/p>\n<p>PREMIUM FACTORY SAS repr\u00e9sent\u00e9e par son Pr\u00e9sident fondateur &#038; Directeur Technique R&#038;D, M. Jean-Yves PIZZINI, situ\u00e9e 1 Route Neuve, 71710 Montcenis, Bourgogne \u2013 France.<\/p>\n<p>N\u00b0 Siret 84070379700018<br \/>\nIntracommunity VAT number FR47840703797<br \/>\nCapital stock \u20ac100,000<\/p>\n<p>Contacts :<br \/>\nMail : direction@premiumfactory.eu<\/p>\n<p>Phone: +33 (0) 805 69 13 27<br \/>\nFax : +33 (0) 972 65 68 12<\/p>\n<p><strong>Director of Publication:<\/strong><\/p>\n<p>M. Jean-Yves PIZZINI,<\/p>\n<p><strong>unitedfx.eu is hosted by :<\/strong><\/p>\n<p>Online SAS - BP 438 - 75366 Paris CEDEX 08 - RCS Paris B 433 115 904.<\/p>\n<p><strong>Droit d\u2019auteur &#038; propri\u00e9t\u00e9 intellectuelle :<\/strong><\/p>\n<p>The presentation, texts and each of the elements, including brands, logos and domain names on the universal-effects.eu website belong to Universal Effects Europe and are protected by the laws in force on intellectual property.<\/p>\n<p>No element composing the site (texts of the articles, images, logos, html code, ...) can be copied, reproduced, modified, republished, loaded, denatured, transmitted or distributed in any way, in a partial or integral way, without the written and preliminary authorization of Universal Effects Europe and subject to the respect of the rights of intellectual property and any other right of property which it is mentioned.<\/p>\n<\/div><\/section>\n<\/div><\/div><\/main><!-- close content main element --><\/div><\/div><div id='after_section_1'  class='main_color av_default_container_wrap container_wrap sidebar_right'  ><div class='container av-section-cont-open' ><div class='template-page content  av-content-small alpha units'><div class='post-entry post-entry-type-page post-entry-1100'><div class='entry-content-wrapper clearfix'>","protected":false},"excerpt":{"rendered":"","protected":false},"author":3,"featured_media":0,"parent":0,"menu_order":0,"comment_status":"closed","ping_status":"closed","template":"","meta":{"_vp_format_video_url":"","_vp_image_focal_point":[],"footnotes":""},"class_list":["post-1100","page","type-page","status-publish","hentry"],"yoast_head":"<!-- This site is optimized with the Yoast SEO plugin v27.4 - https:\/\/yoast.com\/product\/yoast-seo-wordpress\/ -->\n<title>Mentions l\u00e9gales - United FX<\/title>\n<meta name=\"robots\" content=\"noindex, follow\" \/>\n<meta property=\"og:locale\" content=\"en_US\" \/>\n<meta property=\"og:type\" content=\"article\" \/>\n<meta property=\"og:title\" content=\"Mentions l\u00e9gales - United FX\" \/>\n<meta property=\"og:url\" content=\"https:\/\/www.unitedfx.eu\/en\/mentions-legales\/\" \/>\n<meta property=\"og:site_name\" content=\"United FX\" \/>\n<meta property=\"article:modified_time\" content=\"2023-01-25T09:58:26+00:00\" \/>\n<meta name=\"twitter:card\" content=\"summary_large_image\" \/>\n<meta name=\"twitter:label1\" content=\"Est. reading time\" \/>\n\t<meta name=\"twitter:data1\" content=\"2 minutes\" \/>\n<script type=\"application\/ld+json\" class=\"yoast-schema-graph\">{\"@context\":\"https:\\\/\\\/schema.org\",\"@graph\":[{\"@type\":\"WebPage\",\"@id\":\"https:\\\/\\\/www.unitedfx.eu\\\/mentions-legales\\\/\",\"url\":\"https:\\\/\\\/www.unitedfx.eu\\\/mentions-legales\\\/\",\"name\":\"Mentions l\u00e9gales - United FX\",\"isPartOf\":{\"@id\":\"https:\\\/\\\/www.unitedfx.eu\\\/#website\"},\"datePublished\":\"2017-02-06T14:35:23+00:00\",\"dateModified\":\"2023-01-25T09:58:26+00:00\",\"breadcrumb\":{\"@id\":\"https:\\\/\\\/www.unitedfx.eu\\\/mentions-legales\\\/#breadcrumb\"},\"inLanguage\":\"en-US\",\"potentialAction\":[{\"@type\":\"ReadAction\",\"target\":[\"https:\\\/\\\/www.unitedfx.eu\\\/mentions-legales\\\/\"]}]},{\"@type\":\"BreadcrumbList\",\"@id\":\"https:\\\/\\\/www.unitedfx.eu\\\/mentions-legales\\\/#breadcrumb\",\"itemListElement\":[{\"@type\":\"ListItem\",\"position\":1,\"name\":\"Accueil\",\"item\":\"https:\\\/\\\/www.unitedfx.eu\\\/accueil\\\/\"},{\"@type\":\"ListItem\",\"position\":2,\"name\":\"Mentions l\u00e9gales\"}]},{\"@type\":\"WebSite\",\"@id\":\"https:\\\/\\\/www.unitedfx.eu\\\/#website\",\"url\":\"https:\\\/\\\/www.unitedfx.eu\\\/\",\"name\":\"United FX\",\"description\":\"Special Effects for Fun\",\"potentialAction\":[{\"@type\":\"SearchAction\",\"target\":{\"@type\":\"EntryPoint\",\"urlTemplate\":\"https:\\\/\\\/www.unitedfx.eu\\\/?s={search_term_string}\"},\"query-input\":{\"@type\":\"PropertyValueSpecification\",\"valueRequired\":true,\"valueName\":\"search_term_string\"}}],\"inLanguage\":\"en-US\"}]}<\/script>\n<!-- \/ Yoast SEO plugin. -->","yoast_head_json":{"title":"Mentions l\u00e9gales - United FX","robots":{"index":"noindex","follow":"follow"},"og_locale":"en_US","og_type":"article","og_title":"Mentions l\u00e9gales - United FX","og_url":"https:\/\/www.unitedfx.eu\/en\/mentions-legales\/","og_site_name":"United FX","article_modified_time":"2023-01-25T09:58:26+00:00","twitter_card":"summary_large_image","twitter_misc":{"Est. reading time":"2 minutes"},"schema":{"@context":"https:\/\/schema.org","@graph":[{"@type":"WebPage","@id":"https:\/\/www.unitedfx.eu\/mentions-legales\/","url":"https:\/\/www.unitedfx.eu\/mentions-legales\/","name":"Mentions l\u00e9gales - United FX","isPartOf":{"@id":"https:\/\/www.unitedfx.eu\/#website"},"datePublished":"2017-02-06T14:35:23+00:00","dateModified":"2023-01-25T09:58:26+00:00","breadcrumb":{"@id":"https:\/\/www.unitedfx.eu\/mentions-legales\/#breadcrumb"},"inLanguage":"en-US","potentialAction":[{"@type":"ReadAction","target":["https:\/\/www.unitedfx.eu\/mentions-legales\/"]}]},{"@type":"BreadcrumbList","@id":"https:\/\/www.unitedfx.eu\/mentions-legales\/#breadcrumb","itemListElement":[{"@type":"ListItem","position":1,"name":"Accueil","item":"https:\/\/www.unitedfx.eu\/accueil\/"},{"@type":"ListItem","position":2,"name":"Mentions l\u00e9gales"}]},{"@type":"WebSite","@id":"https:\/\/www.unitedfx.eu\/#website","url":"https:\/\/www.unitedfx.eu\/","name":"United FX","description":"Special Effects for Fun","potentialAction":[{"@type":"SearchAction","target":{"@type":"EntryPoint","urlTemplate":"https:\/\/www.unitedfx.eu\/?s={search_term_string}"},"query-input":{"@type":"PropertyValueSpecification","valueRequired":true,"valueName":"search_term_string"}}],"inLanguage":"en-US"}]}},"_links":{"self":[{"href":"https:\/\/www.unitedfx.eu\/en\/wp-json\/wp\/v2\/pages\/1100","targetHints":{"allow":["GET"]}}],"collection":[{"href":"https:\/\/www.unitedfx.eu\/en\/wp-json\/wp\/v2\/pages"}],"about":[{"href":"https:\/\/www.unitedfx.eu\/en\/wp-json\/wp\/v2\/types\/page"}],"author":[{"embeddable":true,"href":"https:\/\/www.unitedfx.eu\/en\/wp-json\/wp\/v2\/users\/3"}],"replies":[{"embeddable":true,"href":"https:\/\/www.unitedfx.eu\/en\/wp-json\/wp\/v2\/comments?post=1100"}],"version-history":[{"count":5,"href":"https:\/\/www.unitedfx.eu\/en\/wp-json\/wp\/v2\/pages\/1100\/revisions"}],"predecessor-version":[{"id":2546,"href":"https:\/\/www.unitedfx.eu\/en\/wp-json\/wp\/v2\/pages\/1100\/revisions\/2546"}],"wp:attachment":[{"href":"https:\/\/www.unitedfx.eu\/en\/wp-json\/wp\/v2\/media?parent=1100"}],"curies":[{"name":"wp","href":"https:\/\/api.w.org\/{rel}","templated":true}]}}